{"id":10690,"date":"2023-08-31T08:22:28","date_gmt":"2023-08-31T06:22:28","guid":{"rendered":"https:\/\/www.cimarq.es\/noticias\/"},"modified":"2023-10-06T10:24:01","modified_gmt":"2023-10-06T08:24:01","slug":"news","status":"publish","type":"page","link":"https:\/\/www.cimarq.es\/en\/news\/","title":{"rendered":"News"},"content":{"rendered":"\t\t<div data-elementor-type=\"wp-page\" data-elementor-id=\"10690\" class=\"elementor elementor-10690\">\n\t\t\t\t\t\t\t\t\t<div class=\"elementor-section elementor-top-section elementor-element elementor-element-ce4a7a4 header-title elementor-section-boxed elementor-section-height-default elementor-section-height-default\" data-id=\"ce4a7a4\" data-element_type=\"section\" data-settings=\"{&quot;background_background&quot;:&quot;classic&quot;}\">\n\t\t\t\t\t\t\t<div class=\"elementor-background-overlay\"><\/div>\n\t\t\t\t\t\t\t<div class=\"elementor-container elementor-column-gap-no\">\n\t\t\t\t\t<div class=\"elementor-column elementor-col-100 elementor-top-column elementor-element elementor-element-4a8050f\" data-id=\"4a8050f\" data-element_type=\"column\">\n\t\t\t<div class=\"elementor-widget-wrap elementor-element-populated\">\n\t\t\t\t\t\t\t\t<div class=\"elementor-element elementor-element-9f32463 elementor-widget elementor-widget-pt-heading\" data-id=\"9f32463\" data-element_type=\"widget\" data-settings=\"{&quot;decor&quot;:[]}\" data-widget_type=\"pt-heading.default\">\n\t\t\t\t<div class=\"elementor-widget-container\">\n\t\t\t\n\t\t<div class=\"pt-heading\">\n\t\t\t\n\t\t\t\t\t\t\t<h1 class=\"pt-heading-title\">\n\t\t\t\t\tNoticias\t\t\t\t\t\t\t\t\t<\/h1>\n\t\t\t\t\t<\/div>\n\n\t\t\t\t<\/div>\n\t\t\t\t<\/div>\n\t\t\t\t\t<\/div>\n\t\t<\/div>\n\t\t\t\t\t\t\t<\/div>\n\t\t<\/div>\n\t\t\t\t<div class=\"elementor-section elementor-top-section elementor-element elementor-element-7271b26 elementor-section-full_width elementor-hidden-mobile elementor-section-height-default elementor-section-height-default\" data-id=\"7271b26\" data-element_type=\"section\">\n\t\t\t\t\t\t<div class=\"elementor-container elementor-column-gap-no\">\n\t\t\t\t\t<div class=\"elementor-column elementor-col-100 elementor-top-column elementor-element elementor-element-a083c91 pt-animation-bg pager-bg\" data-id=\"a083c91\" data-element_type=\"column\">\n\t\t\t<div class=\"elementor-widget-wrap elementor-element-populated\">\n\t\t\t\t\t\t\t\t<div class=\"elementor-element elementor-element-8fd92cb elementor-widget elementor-widget-image\" data-id=\"8fd92cb\" data-element_type=\"widget\" data-widget_type=\"image.default\">\n\t\t\t\t<div class=\"elementor-widget-container\">\n\t\t\t<style>\/*! elementor - v3.15.0 - 20-08-2023 *\/\n.elementor-widget-image{text-align:center}.elementor-widget-image a{display:inline-block}.elementor-widget-image a img[src$=\".svg\"]{width:48px}.elementor-widget-image img{vertical-align:middle;display:inline-block}<\/style>\t\t\t\t\t\t\t\t\t\t\t\t<img loading=\"lazy\" decoding=\"async\" width=\"8000\" height=\"538\" src=\"https:\/\/www.cimarq.es\/wp-content\/uploads\/2022\/10\/inner-pages-banner.png\" class=\"attachment-full size-full wp-image-7162\" alt=\"\" srcset=\"https:\/\/www.cimarq.es\/wp-content\/uploads\/2022\/10\/inner-pages-banner.png 8000w, https:\/\/www.cimarq.es\/wp-content\/uploads\/2022\/10\/inner-pages-banner-300x20.png 300w, https:\/\/www.cimarq.es\/wp-content\/uploads\/2022\/10\/inner-pages-banner-1024x69.png 1024w, https:\/\/www.cimarq.es\/wp-content\/uploads\/2022\/10\/inner-pages-banner-768x52.png 768w, https:\/\/www.cimarq.es\/wp-content\/uploads\/2022\/10\/inner-pages-banner-1536x103.png 1536w, https:\/\/www.cimarq.es\/wp-content\/uploads\/2022\/10\/inner-pages-banner-2048x138.png 2048w\" sizes=\"auto, (max-width: 8000px) 100vw, 8000px\" \/>\t\t\t\t\t\t\t\t\t\t\t\t\t\t\t<\/div>\n\t\t\t\t<\/div>\n\t\t\t\t\t<\/div>\n\t\t<\/div>\n\t\t\t\t\t\t\t<\/div>\n\t\t<\/div>\n\t\t\t\t<div class=\"elementor-section elementor-top-section elementor-element elementor-element-4931415 section-pb0 elementor-section-boxed elementor-section-height-default elementor-section-height-default\" data-id=\"4931415\" data-element_type=\"section\">\n\t\t\t\t\t\t<div class=\"elementor-container elementor-column-gap-default\">\n\t\t\t\t\t<div class=\"elementor-column elementor-col-100 elementor-top-column elementor-element elementor-element-e78c478\" data-id=\"e78c478\" data-element_type=\"column\">\n\t\t\t<div class=\"elementor-widget-wrap elementor-element-populated\">\n\t\t\t\t\t\t\t\t<div class=\"elementor-element elementor-element-d007fcf elementor-widget elementor-widget-pt-heading\" data-id=\"d007fcf\" data-element_type=\"widget\" data-settings=\"{&quot;decor&quot;:[]}\" data-widget_type=\"pt-heading.default\">\n\t\t\t\t<div class=\"elementor-widget-container\">\n\t\t\t\n\t\t<div class=\"pt-heading\">\n\t\t\t\t\t\t\t<p class=\"pt-heading-subtitle\">Novedades<\/p>\n\t\t\t\n\t\t\t\t\t\t\t<h2 class=\"pt-heading-title\">\n\t\t\t\t\tNoticias\t\t\t\t\t\t\t\t\t<\/h2>\n\t\t\t\t\t<\/div>\n\n\t\t\t\t<\/div>\n\t\t\t\t<\/div>\n\t\t\t\t<div class=\"elementor-section elementor-inner-section elementor-element elementor-element-4c5dc2f elementor-section-full_width elementor-section-height-default elementor-section-height-default\" data-id=\"4c5dc2f\" data-element_type=\"section\">\n\t\t\t\t\t\t<div class=\"elementor-container elementor-column-gap-no\">\n\t\t\t\t\t<div class=\"elementor-column elementor-col-50 elementor-inner-column elementor-element elementor-element-ade30a6\" data-id=\"ade30a6\" data-element_type=\"column\">\n\t\t\t<div class=\"elementor-widget-wrap elementor-element-populated\">\n\t\t\t\t\t\t\t\t\t<\/div>\n\t\t<\/div>\n\t\t\t\t<div class=\"elementor-column elementor-col-50 elementor-inner-column elementor-element elementor-element-e315966 sidebar-blog-main\" data-id=\"e315966\" data-element_type=\"column\">\n\t\t\t<div class=\"elementor-widget-wrap elementor-element-populated\">\n\t\t\t\t\t\t\t\t<div class=\"elementor-element elementor-element-75ce8dd elementor-widget elementor-widget-sidebar\" data-id=\"75ce8dd\" data-element_type=\"widget\" data-widget_type=\"sidebar.default\">\n\t\t\t\t<div class=\"elementor-widget-container\">\n\t\t\t<div id=\"text-2\" class=\"widget widget_text\"><h5 class=\"widget-title\">Direcci\u00f3n<\/h5>\t\t\t<div class=\"textwidget\"><p>C\/ Bugallal Marchesi, 12 1\u00ba dcha<br \/>\n15008, A Coru\u00f1a \u2013 Espa\u00f1a<\/p>\n<\/div>\n\t\t<\/div><div id=\"text-3\" class=\"widget widget_text\"><h5 class=\"widget-title\">Tel\u00e9fono<\/h5>\t\t\t<div class=\"textwidget\"><p><a href=\"tel:+34981902851\">+34 981 902 851<\/a><\/p>\n<\/div>\n\t\t<\/div><div id=\"text-4\" class=\"widget widget_text\"><h5 class=\"widget-title\">E-mail<\/h5>\t\t\t<div class=\"textwidget\"><p>cimarq@cimarq.es<\/p>\n<\/div>\n\t\t<\/div>\t\t<\/div>\n\t\t\t\t<\/div>\n\t\t\t\t\t<\/div>\n\t\t<\/div>\n\t\t\t\t\t\t\t<\/div>\n\t\t<\/div>\n\t\t\t\t\t<\/div>\n\t\t<\/div>\n\t\t\t\t\t\t\t<\/div>\n\t\t<\/div>\n\t\t\t\t\t\t\t<\/div>\n\t\t","protected":false},"excerpt":{"rendered":"<p>Noticias Novedades Noticias 8 de agosto de 2022 Adjudicaci\u00f3n: proyecto de la nueva estaci\u00f3n intermodal del Puerto de Castell\u00f3n Leer m\u00e1s 19 de octubre&#8230;<\/p>\n","protected":false},"author":1,"featured_media":0,"parent":0,"menu_order":0,"comment_status":"closed","ping_status":"closed","template":"","meta":{"footnotes":""},"class_list":["post-10690","page","type-page","status-publish","hentry"],"acf":[],"yoast_head":"<!-- This site is optimized with the Yoast SEO plugin v21.2 - https:\/\/yoast.com\/wordpress\/plugins\/seo\/ -->\n<title>Noticias - CIMARQ<\/title>\n<meta name=\"description\" content=\"Noticias, actualidad de CIMARQ: Consultor\u00eda de Ingenier\u00eda, Medio Ambiente y Arquitectura, S.L. en A Coru\u00f1a y Madrid.\" \/>\n<meta name=\"robots\" content=\"index, follow, max-snippet:-1, max-image-preview:large, max-video-preview:-1\" \/>\n<link rel=\"canonical\" href=\"https:\/\/www.cimarq.es\/en\/news\/\" \/>\n<meta property=\"og:locale\" content=\"en_US\" \/>\n<meta property=\"og:type\" content=\"article\" \/>\n<meta property=\"og:title\" content=\"Noticias - CIMARQ\" \/>\n<meta property=\"og:description\" content=\"Noticias, actualidad de CIMARQ: Consultor\u00eda de Ingenier\u00eda, Medio Ambiente y Arquitectura, S.L. en A Coru\u00f1a y Madrid.\" \/>\n<meta property=\"og:url\" content=\"https:\/\/www.cimarq.es\/en\/news\/\" \/>\n<meta property=\"og:site_name\" content=\"CIMARQ\" \/>\n<meta property=\"article:modified_time\" content=\"2023-10-06T08:24:01+00:00\" \/>\n<meta property=\"og:image\" content=\"https:\/\/www.cimarq.es\/wp-content\/uploads\/2022\/10\/inner-pages-banner.png\" \/>\n<meta name=\"twitter:card\" content=\"summary_large_image\" \/>\n<meta name=\"twitter:label1\" content=\"Est. reading time\" \/>\n\t<meta name=\"twitter:data1\" content=\"3 minutes\" \/>\n<script type=\"application\/ld+json\" class=\"yoast-schema-graph\">{\"@context\":\"https:\/\/schema.org\",\"@graph\":[{\"@type\":\"WebPage\",\"@id\":\"https:\/\/www.cimarq.es\/en\/news\/\",\"url\":\"https:\/\/www.cimarq.es\/en\/news\/\",\"name\":\"Noticias - CIMARQ\",\"isPartOf\":{\"@id\":\"https:\/\/www.cimarq.es\/en\/#website\"},\"datePublished\":\"2023-08-31T06:22:28+00:00\",\"dateModified\":\"2023-10-06T08:24:01+00:00\",\"description\":\"Noticias, actualidad de CIMARQ: Consultor\u00eda de Ingenier\u00eda, Medio Ambiente y Arquitectura, S.L. en A Coru\u00f1a y Madrid.\",\"inLanguage\":\"en-US\",\"potentialAction\":[{\"@type\":\"ReadAction\",\"target\":[\"https:\/\/www.cimarq.es\/en\/news\/\"]}]},{\"@type\":\"WebSite\",\"@id\":\"https:\/\/www.cimarq.es\/en\/#website\",\"url\":\"https:\/\/www.cimarq.es\/en\/\",\"name\":\"CIMARQ\",\"description\":\"\",\"potentialAction\":[{\"@type\":\"SearchAction\",\"target\":{\"@type\":\"EntryPoint\",\"urlTemplate\":\"https:\/\/www.cimarq.es\/en\/?s={search_term_string}\"},\"query-input\":\"required name=search_term_string\"}],\"inLanguage\":\"en-US\"}]}<\/script>\n<!-- \/ Yoast SEO plugin. -->","yoast_head_json":{"title":"Noticias - CIMARQ","description":"Noticias, actualidad de CIMARQ: Consultor\u00eda de Ingenier\u00eda, Medio Ambiente y Arquitectura, S.L. en A Coru\u00f1a y Madrid.","robots":{"index":"index","follow":"follow","max-snippet":"max-snippet:-1","max-image-preview":"max-image-preview:large","max-video-preview":"max-video-preview:-1"},"canonical":"https:\/\/www.cimarq.es\/en\/news\/","og_locale":"en_US","og_type":"article","og_title":"Noticias - CIMARQ","og_description":"Noticias, actualidad de CIMARQ: Consultor\u00eda de Ingenier\u00eda, Medio Ambiente y Arquitectura, S.L. en A Coru\u00f1a y Madrid.","og_url":"https:\/\/www.cimarq.es\/en\/news\/","og_site_name":"CIMARQ","article_modified_time":"2023-10-06T08:24:01+00:00","og_image":[{"url":"https:\/\/www.cimarq.es\/wp-content\/uploads\/2022\/10\/inner-pages-banner.png"}],"twitter_card":"summary_large_image","twitter_misc":{"Est. reading time":"3 minutes"},"schema":{"@context":"https:\/\/schema.org","@graph":[{"@type":"WebPage","@id":"https:\/\/www.cimarq.es\/en\/news\/","url":"https:\/\/www.cimarq.es\/en\/news\/","name":"Noticias - CIMARQ","isPartOf":{"@id":"https:\/\/www.cimarq.es\/en\/#website"},"datePublished":"2023-08-31T06:22:28+00:00","dateModified":"2023-10-06T08:24:01+00:00","description":"Noticias, actualidad de CIMARQ: Consultor\u00eda de Ingenier\u00eda, Medio Ambiente y Arquitectura, S.L. en A Coru\u00f1a y Madrid.","inLanguage":"en-US","potentialAction":[{"@type":"ReadAction","target":["https:\/\/www.cimarq.es\/en\/news\/"]}]},{"@type":"WebSite","@id":"https:\/\/www.cimarq.es\/en\/#website","url":"https:\/\/www.cimarq.es\/en\/","name":"CIMARQ","description":"","potentialAction":[{"@type":"SearchAction","target":{"@type":"EntryPoint","urlTemplate":"https:\/\/www.cimarq.es\/en\/?s={search_term_string}"},"query-input":"required name=search_term_string"}],"inLanguage":"en-US"}]}},"_links":{"self":[{"href":"https:\/\/www.cimarq.es\/en\/wp-json\/wp\/v2\/pages\/10690","targetHints":{"allow":["GET"]}}],"collection":[{"href":"https:\/\/www.cimarq.es\/en\/wp-json\/wp\/v2\/pages"}],"about":[{"href":"https:\/\/www.cimarq.es\/en\/wp-json\/wp\/v2\/types\/page"}],"author":[{"embeddable":true,"href":"https:\/\/www.cimarq.es\/en\/wp-json\/wp\/v2\/users\/1"}],"replies":[{"embeddable":true,"href":"https:\/\/www.cimarq.es\/en\/wp-json\/wp\/v2\/comments?post=10690"}],"version-history":[{"count":2,"href":"https:\/\/www.cimarq.es\/en\/wp-json\/wp\/v2\/pages\/10690\/revisions"}],"predecessor-version":[{"id":10716,"href":"https:\/\/www.cimarq.es\/en\/wp-json\/wp\/v2\/pages\/10690\/revisions\/10716"}],"wp:attachment":[{"href":"https:\/\/www.cimarq.es\/en\/wp-json\/wp\/v2\/media?parent=10690"}],"curies":[{"name":"wp","href":"https:\/\/api.w.org\/{rel}","templated":true}]}}